{"id":548,"date":"2023-04-19T05:17:15","date_gmt":"2023-04-19T05:17:15","guid":{"rendered":"https:\/\/lopixel.com\/tecno-serveis\/politica-de-privacitat\/"},"modified":"2023-06-19T22:34:12","modified_gmt":"2023-06-19T22:34:12","slug":"politica-de-privacitat","status":"publish","type":"page","link":"https:\/\/tecnoserveis.cat\/ca\/politica-de-privacitat\/","title":{"rendered":"Pol\u00edtica de privacitat"},"content":{"rendered":"\t\t<div data-elementor-type=\"wp-page\" data-elementor-id=\"548\" class=\"elementor elementor-548 elementor-74\" data-elementor-post-type=\"page\">\n\t\t\t\t\t\t\t\t\t<section class=\"elementor-section elementor-top-section elementor-element elementor-element-441a5ae5 elementor-section-boxed elementor-section-height-default elementor-section-height-default\" data-id=\"441a5ae5\" data-element_type=\"section\">\n\t\t\t\t\t\t<div class=\"elementor-container elementor-column-gap-default\">\n\t\t\t\t\t<div class=\"elementor-column elementor-col-100 elementor-top-column elementor-element elementor-element-d549213\" data-id=\"d549213\" data-element_type=\"column\">\n\t\t\t<div class=\"elementor-widget-wrap elementor-element-populated\">\n\t\t\t\t\t\t\t\t<div class=\"elementor-element elementor-element-2a512ed4 elementor-widget elementor-widget-text-editor\" data-id=\"2a512ed4\" data-element_type=\"widget\" data-widget_type=\"text-editor.default\">\n\t\t\t\t<div class=\"elementor-widget-container\">\n\t\t\t<style>\/*! elementor - v3.14.0 - 26-06-2023 *\/\n.elementor-widget-text-editor.elementor-drop-cap-view-stacked .elementor-drop-cap{background-color:#69727d;color:#fff}.elementor-widget-text-editor.elementor-drop-cap-view-framed .elementor-drop-cap{color:#69727d;border:3px solid;background-color:transparent}.elementor-widget-text-editor:not(.elementor-drop-cap-view-default) .elementor-drop-cap{margin-top:8px}.elementor-widget-text-editor:not(.elementor-drop-cap-view-default) .elementor-drop-cap-letter{width:1em;height:1em}.elementor-widget-text-editor .elementor-drop-cap{float:left;text-align:center;line-height:1;font-size:50px}.elementor-widget-text-editor .elementor-drop-cap-letter{display:inline-block}<\/style>\t\t\t\t<p>En compliment d\u2019all\u00f2 disposat en el Reglament General de Protecci\u00f3 de Dades (RGPD) 2016\/679 del Parlament Europeu i del Consell, del 27 de abril del 2016, aix\u00ed com de la Llei org\u00e0nica 3\/2018, del 5 de desembre, de Protecci\u00f3 de Dades Personals i garantia dels drets digitals, s\u2019informa la persona usu\u00e0ria (en endavant, \u00abPersona Usu\u00e0ria\u00bb) que les dades personals que pugui facilitar a trav\u00e9s del lloc web <a href=\"https:\/\/tecnoserveis.cat\/\" target=\"_new\">https:\/\/tecnoserveis.cat<\/a> (en endavant, \u00abLloc Web\u00bb) seran tractades per TECNOSERVEIS Delmar, SL (en endavant, \u00abTECNOSERVEIS\u00bb), amb NIF B43898196 i domicili social a la rambla Felip Pedrell 47, 43500 Tortosa.<\/p>\n<ol>\n<li><b>Responsable del tractament<\/b><\/li>\n<\/ol>\n<p>l responsable del tractament de les dades personals de la Persona Usu\u00e0ria \u00e9s TECNOSERVEIS Delmar, SL, amb NIF B43898196&nbsp;i domicili social a la rambla Felip Pedrell 47, 43500 Tortosa.&nbsp;La Persona Usu\u00e0ria pot posar-se en contacte amb TECNOSERVEIS a trav\u00e9s de l\u2019adre\u00e7a de correu electr\u00f2nic <a href=\"mailto:correu@tecnoserveis.cat\">correu@tecnoserveis.cat<\/a>.<\/p>\n<ol start=\"2\">\n<li><b>Finalitat del tractament<\/b><\/li>\n<\/ol>\n<p>Les dades personals que la Persona Usu\u00e0ria faciliti a trav\u00e9s del Lloc Web seran tractades per TECNOSERVEIS amb les seg\u00fcents finalitats:<\/p>\n<ul>\n<li>\n<p>Gestionar el registre de la Persona Usu\u00e0ria en el Lloc Web, si s\u2019escau.<\/p>\n<\/li>\n<li>\n<p>Gestionar i atendre les sol\u00b7licituds, consultes o reclamacions que la Persona Usu\u00e0ria formuli a trav\u00e9s del Lloc Web.<\/p>\n<\/li>\n<li>\n<p>Gestionar la relaci\u00f3 comercial con la Persona Usu\u00e0ria, si s\u2019escau.<\/p>\n<\/li>\n<li>\n<p>Remetre a la Persona Usu\u00e0ria informaci\u00f3 comercial, publicit\u00e0ria i promocional sobre productes i serveis de TECNOSERVEIS per qualsevol mitj\u00e0, incl\u00f2s el correu electr\u00f2nic o mitjans equivalents, sempre que la Persona Usu\u00e0ria hagi donat pr\u00e8viament el seu consentiment per a l\u2019enviament d\u2019aquesta informaci\u00f3.<\/p>\n<\/li>\n<li>\n<p>Complir les obligacions legals i fiscals que corresponguin a TECNOSERVEIS.<\/p>\n<\/li>\n<\/ul>\n<ol start=\"3\">\n<li><b>Legitimaci\u00f3 del tractament<\/b><\/li>\n<\/ol>\n<p>La base jur\u00eddica que legitima el tractament de les dades personals de la Persona Usu\u00e0ria per part de TECNOSERVEIS \u00e9s el consentiment d\u2019aquesta, en el cas de l\u2019enviament d\u2019informaci\u00f3 comercial, publicit\u00e0ria i promocional, i l\u2019execuci\u00f3 d\u2019un contracte, en la resta de casos.<\/p>\n<ol start=\"4\">\n<li><b>Destinataris de les dades<\/b><\/li>\n<\/ol>\n<p>Les dades personals de la Persona Usu\u00e0ria podran ser comunicades a altres empreses del grup de TECNOSERVEIS, si s\u2019escau, aix\u00ed com a aquelles entitats o administracions p\u00fabliques que resultin necess\u00e0ries per a la gesti\u00f3 i el compliment de les obligacions legals i fiscals que corresponguin a TECNOSERVEIS.<\/p>\n<ol start=\"5\">\n<li><b>Drets de les persones usu\u00e0ries<\/b><\/li>\n<\/ol>\n<p>La Persona Usu\u00e0ria pot exercir els seus drets d\u2019acc\u00e9s, rectificaci\u00f3, supressi\u00f3, oposici\u00f3, limitaci\u00f3 del tractament, portabilitat de les dades i a no ser objecte de decisions individuals automatitzades, aix\u00ed com revocar en qualsevol moment el consentiment prestat per a l\u2019enviament d\u2019informaci\u00f3 comercial, publicit\u00e0ria i promocional, mitjan\u00e7ant sol\u00b7licitud dirigida a TECNOSERVEIS a trav\u00e9s de l\u2019adre\u00e7a de correu electr\u00f2nic <a href=\"mailto:correu@tecnoserveis.cat\">correu@tecnoserveis.cat<\/a> o mitjan\u00e7ant un escrit dirigit a l\u2019adre\u00e7a postal de TECNOSERVEIS.<\/p>\n<p>Aix\u00ed mateix, la Persona Usu\u00e0ria t\u00e9 dret a presentar una reclamaci\u00f3 davant l\u2019autoritat de control competent en mat\u00e8ria de protecci\u00f3 de dades en cas de considerar que el tractament de les seves dades personals no s\u2019ajusta a la normativa aplicable.<\/p>\n<ol start=\"6\">\n<li><b>Conservaci\u00f3 de les dades<\/b><\/li>\n<\/ol>\n<p>Les dades personals de la Persona Usu\u00e0ria seran conservades durant el temps necessari per a la gesti\u00f3 de la relaci\u00f3 amb aquesta i per al compliment de les obligacions legals i fiscals que corresponguin a TECNOSERVEIS. En el cas de l\u2019enviament d\u2019informaci\u00f3 comercial, publicit\u00e0ria i promocional, les dades seran conservades fins que la Persona Usu\u00e0ria revoqui el seu consentiment.<\/p>\n<ol start=\"7\">\n<li><b>Mesures de seguretat<\/b><\/li>\n<\/ol>\n<p>TECNOSERVEIS ha adoptat les mesures d\u2019\u00edndole t\u00e8cnica i organitzativa necess\u00e0ries per a garantir la seguretat de les dades personals de la Persona Usu\u00e0ria i evitar-ne l\u2019alteraci\u00f3, la p\u00e8rdua i el tractament o acc\u00e9s no autoritzats, tenint en compte l\u2019estat de la tecnologia, la naturalesa de les dades i els riscos als quals estan exposades.<\/p>\n<ol start=\"8\">\n<li><b>Modificacions de la pol\u00edtica de privadesa<\/b><\/li>\n<\/ol>\n<p>TECNOSERVEIS es reserva el dret a modificar aquesta pol\u00edtica de privacitat en qualsevol moment i sense necessitat de previ av\u00eds a la Persona Usu\u00e0ria. En caso que s\u2019hi produeixin modificacions significatives se n\u2019informar\u00e0 la Persona Usu\u00e0ria a trav\u00e9s del Lloc Web o per qualsevol altre mitj\u00e0 adequat.<\/p>\t\t\t\t\t\t<\/div>\n\t\t\t\t<\/div>\n\t\t\t\t\t<\/div>\n\t\t<\/div>\n\t\t\t\t\t\t\t<\/div>\n\t\t<\/section>\n\t\t\t\t\t\t\t<\/div>\n\t\t","protected":false},"excerpt":{"rendered":"<p>En compliment d\u2019all\u00f2 disposat en el Reglament General de Protecci\u00f3 de Dades (RGPD) 2016\/679 del Parlament Europeu i del Consell, del 27 de abril del 2016, aix\u00ed com de la Llei org\u00e0nica 3\/2018, del 5 de desembre, de Protecci\u00f3 de Dades Personals i garantia dels drets digitals, s\u2019informa la persona usu\u00e0ria (en endavant, \u00abPersona Usu\u00e0ria\u00bb) &hellip;<\/p>\n<p class=\"read-more\"> <a class=\"\" href=\"https:\/\/tecnoserveis.cat\/ca\/politica-de-privacitat\/\"> <span class=\"screen-reader-text\">Pol\u00edtica de privacitat<\/span> Llegeix m\u00e9s &raquo;<\/a><\/p>\n","protected":false},"author":1,"featured_media":0,"parent":0,"menu_order":0,"comment_status":"closed","ping_status":"open","template":"","meta":{"site-sidebar-layout":"default","site-content-layout":"default","ast-global-header-display":"","ast-banner-title-visibility":"","ast-main-header-display":"","ast-hfb-above-header-display":"","ast-hfb-below-header-display":"","ast-hfb-mobile-header-display":"","site-post-title":"","ast-breadcrumbs-content":"","ast-featured-img":"","footer-sml-layout":"","theme-transparent-header-meta":"","adv-header-id-meta":"","stick-header-meta":"","header-above-stick-meta":"","header-main-stick-meta":"","header-below-stick-meta":""},"yoast_head":"<!-- This site is optimized with the Yoast SEO plugin v20.11 - https:\/\/yoast.com\/wordpress\/plugins\/seo\/ -->\n<title>Pol\u00edtica de privacitat - Tecno Serveis<\/title>\n<meta name=\"robots\" content=\"index, follow, max-snippet:-1, max-image-preview:large, max-video-preview:-1\" \/>\n<link rel=\"canonical\" href=\"https:\/\/tecnoserveis.cat\/ca\/politica-de-privacitat\/\" \/>\n<meta property=\"og:locale\" content=\"ca_ES\" \/>\n<meta property=\"og:type\" content=\"article\" \/>\n<meta property=\"og:title\" content=\"Pol\u00edtica de privacitat - Tecno Serveis\" \/>\n<meta property=\"og:description\" content=\"En compliment d\u2019all\u00f2 disposat en el Reglament General de Protecci\u00f3 de Dades (RGPD) 2016\/679 del Parlament Europeu i del Consell, del 27 de abril del 2016, aix\u00ed com de la Llei org\u00e0nica 3\/2018, del 5 de desembre, de Protecci\u00f3 de Dades Personals i garantia dels drets digitals, s\u2019informa la persona usu\u00e0ria (en endavant, \u00abPersona Usu\u00e0ria\u00bb) &hellip; Pol\u00edtica de privacitat Llegeix m\u00e9s &raquo;\" \/>\n<meta property=\"og:url\" content=\"https:\/\/tecnoserveis.cat\/ca\/politica-de-privacitat\/\" \/>\n<meta property=\"og:site_name\" content=\"Tecno Serveis\" \/>\n<meta property=\"article:publisher\" content=\"https:\/\/www.facebook.com\/tecnoserveis.delmarsll\" \/>\n<meta property=\"article:modified_time\" content=\"2023-06-19T22:34:12+00:00\" \/>\n<meta name=\"twitter:card\" content=\"summary_large_image\" \/>\n<meta name=\"twitter:site\" content=\"@Tecnoserveis1\" \/>\n<meta name=\"twitter:label1\" content=\"Temps estimat de lectura\" \/>\n\t<meta name=\"twitter:data1\" content=\"4 minuts\" \/>\n<script type=\"application\/ld+json\" class=\"yoast-schema-graph\">{\"@context\":\"https:\/\/schema.org\",\"@graph\":[{\"@type\":\"WebPage\",\"@id\":\"https:\/\/tecnoserveis.cat\/ca\/politica-de-privacitat\/\",\"url\":\"https:\/\/tecnoserveis.cat\/ca\/politica-de-privacitat\/\",\"name\":\"Pol\u00edtica de privacitat - Tecno Serveis\",\"isPartOf\":{\"@id\":\"https:\/\/tecnoserveis.cat\/ca\/#website\"},\"datePublished\":\"2023-04-19T05:17:15+00:00\",\"dateModified\":\"2023-06-19T22:34:12+00:00\",\"breadcrumb\":{\"@id\":\"https:\/\/tecnoserveis.cat\/ca\/politica-de-privacitat\/#breadcrumb\"},\"inLanguage\":\"ca\",\"potentialAction\":[{\"@type\":\"ReadAction\",\"target\":[\"https:\/\/tecnoserveis.cat\/ca\/politica-de-privacitat\/\"]}]},{\"@type\":\"BreadcrumbList\",\"@id\":\"https:\/\/tecnoserveis.cat\/ca\/politica-de-privacitat\/#breadcrumb\",\"itemListElement\":[{\"@type\":\"ListItem\",\"position\":1,\"name\":\"Portada\",\"item\":\"https:\/\/tecnoserveis.cat\/ca\/\"},{\"@type\":\"ListItem\",\"position\":2,\"name\":\"Pol\u00edtica de privacitat\"}]},{\"@type\":\"WebSite\",\"@id\":\"https:\/\/tecnoserveis.cat\/ca\/#website\",\"url\":\"https:\/\/tecnoserveis.cat\/ca\/\",\"name\":\"Tecno Serveis - Energies renovables i sostenibilitat\",\"description\":\"Tecnoserveis \u00e9s una empresa l\u00edder en el sector de les energies renovables, compromesa amb la sostenibilitat i la responsabilitat social corporativa. Amb un equip altament qualificat i utilitzant tecnologia avan\u00e7ada, ofereixen solucions innovadores per a una gesti\u00f3 eficient de l&#039;energia i minimitzar l&#039;impacte ambiental.\",\"publisher\":{\"@id\":\"https:\/\/tecnoserveis.cat\/ca\/#organization\"},\"potentialAction\":[{\"@type\":\"SearchAction\",\"target\":{\"@type\":\"EntryPoint\",\"urlTemplate\":\"https:\/\/tecnoserveis.cat\/ca\/?s={search_term_string}\"},\"query-input\":\"required name=search_term_string\"}],\"inLanguage\":\"ca\"},{\"@type\":\"Organization\",\"@id\":\"https:\/\/tecnoserveis.cat\/ca\/#organization\",\"name\":\"Tecno Serveis - Energies renovables i sostenibilitat\",\"url\":\"https:\/\/tecnoserveis.cat\/ca\/\",\"logo\":{\"@type\":\"ImageObject\",\"inLanguage\":\"ca\",\"@id\":\"https:\/\/tecnoserveis.cat\/ca\/#\/schema\/logo\/image\/\",\"url\":\"https:\/\/tecnoserveis.cat\/wp-content\/uploads\/2023\/04\/logo-tecnoserveis.png\",\"contentUrl\":\"https:\/\/tecnoserveis.cat\/wp-content\/uploads\/2023\/04\/logo-tecnoserveis.png\",\"width\":227,\"height\":69,\"caption\":\"Tecno Serveis - Energies renovables i sostenibilitat\"},\"image\":{\"@id\":\"https:\/\/tecnoserveis.cat\/ca\/#\/schema\/logo\/image\/\"},\"sameAs\":[\"https:\/\/www.facebook.com\/tecnoserveis.delmarsll\",\"https:\/\/twitter.com\/Tecnoserveis1\",\"https:\/\/www.instagram.com\/tecnoserveis\/\"]}]}<\/script>\n<!-- \/ Yoast SEO plugin. -->","yoast_head_json":{"title":"Pol\u00edtica de privacitat - Tecno Serveis","robots":{"index":"index","follow":"follow","max-snippet":"max-snippet:-1","max-image-preview":"max-image-preview:large","max-video-preview":"max-video-preview:-1"},"canonical":"https:\/\/tecnoserveis.cat\/ca\/politica-de-privacitat\/","og_locale":"ca_ES","og_type":"article","og_title":"Pol\u00edtica de privacitat - Tecno Serveis","og_description":"En compliment d\u2019all\u00f2 disposat en el Reglament General de Protecci\u00f3 de Dades (RGPD) 2016\/679 del Parlament Europeu i del Consell, del 27 de abril del 2016, aix\u00ed com de la Llei org\u00e0nica 3\/2018, del 5 de desembre, de Protecci\u00f3 de Dades Personals i garantia dels drets digitals, s\u2019informa la persona usu\u00e0ria (en endavant, \u00abPersona Usu\u00e0ria\u00bb) &hellip; Pol\u00edtica de privacitat Llegeix m\u00e9s &raquo;","og_url":"https:\/\/tecnoserveis.cat\/ca\/politica-de-privacitat\/","og_site_name":"Tecno Serveis","article_publisher":"https:\/\/www.facebook.com\/tecnoserveis.delmarsll","article_modified_time":"2023-06-19T22:34:12+00:00","twitter_card":"summary_large_image","twitter_site":"@Tecnoserveis1","twitter_misc":{"Temps estimat de lectura":"4 minuts"},"schema":{"@context":"https:\/\/schema.org","@graph":[{"@type":"WebPage","@id":"https:\/\/tecnoserveis.cat\/ca\/politica-de-privacitat\/","url":"https:\/\/tecnoserveis.cat\/ca\/politica-de-privacitat\/","name":"Pol\u00edtica de privacitat - Tecno Serveis","isPartOf":{"@id":"https:\/\/tecnoserveis.cat\/ca\/#website"},"datePublished":"2023-04-19T05:17:15+00:00","dateModified":"2023-06-19T22:34:12+00:00","breadcrumb":{"@id":"https:\/\/tecnoserveis.cat\/ca\/politica-de-privacitat\/#breadcrumb"},"inLanguage":"ca","potentialAction":[{"@type":"ReadAction","target":["https:\/\/tecnoserveis.cat\/ca\/politica-de-privacitat\/"]}]},{"@type":"BreadcrumbList","@id":"https:\/\/tecnoserveis.cat\/ca\/politica-de-privacitat\/#breadcrumb","itemListElement":[{"@type":"ListItem","position":1,"name":"Portada","item":"https:\/\/tecnoserveis.cat\/ca\/"},{"@type":"ListItem","position":2,"name":"Pol\u00edtica de privacitat"}]},{"@type":"WebSite","@id":"https:\/\/tecnoserveis.cat\/ca\/#website","url":"https:\/\/tecnoserveis.cat\/ca\/","name":"Tecno Serveis - Energies renovables i sostenibilitat","description":"Tecnoserveis \u00e9s una empresa l\u00edder en el sector de les energies renovables, compromesa amb la sostenibilitat i la responsabilitat social corporativa. Amb un equip altament qualificat i utilitzant tecnologia avan\u00e7ada, ofereixen solucions innovadores per a una gesti\u00f3 eficient de l&#039;energia i minimitzar l&#039;impacte ambiental.","publisher":{"@id":"https:\/\/tecnoserveis.cat\/ca\/#organization"},"potentialAction":[{"@type":"SearchAction","target":{"@type":"EntryPoint","urlTemplate":"https:\/\/tecnoserveis.cat\/ca\/?s={search_term_string}"},"query-input":"required name=search_term_string"}],"inLanguage":"ca"},{"@type":"Organization","@id":"https:\/\/tecnoserveis.cat\/ca\/#organization","name":"Tecno Serveis - Energies renovables i sostenibilitat","url":"https:\/\/tecnoserveis.cat\/ca\/","logo":{"@type":"ImageObject","inLanguage":"ca","@id":"https:\/\/tecnoserveis.cat\/ca\/#\/schema\/logo\/image\/","url":"https:\/\/tecnoserveis.cat\/wp-content\/uploads\/2023\/04\/logo-tecnoserveis.png","contentUrl":"https:\/\/tecnoserveis.cat\/wp-content\/uploads\/2023\/04\/logo-tecnoserveis.png","width":227,"height":69,"caption":"Tecno Serveis - Energies renovables i sostenibilitat"},"image":{"@id":"https:\/\/tecnoserveis.cat\/ca\/#\/schema\/logo\/image\/"},"sameAs":["https:\/\/www.facebook.com\/tecnoserveis.delmarsll","https:\/\/twitter.com\/Tecnoserveis1","https:\/\/www.instagram.com\/tecnoserveis\/"]}]}},"_links":{"self":[{"href":"https:\/\/tecnoserveis.cat\/ca\/wp-json\/wp\/v2\/pages\/548"}],"collection":[{"href":"https:\/\/tecnoserveis.cat\/ca\/wp-json\/wp\/v2\/pages"}],"about":[{"href":"https:\/\/tecnoserveis.cat\/ca\/wp-json\/wp\/v2\/types\/page"}],"author":[{"embeddable":true,"href":"https:\/\/tecnoserveis.cat\/ca\/wp-json\/wp\/v2\/users\/1"}],"replies":[{"embeddable":true,"href":"https:\/\/tecnoserveis.cat\/ca\/wp-json\/wp\/v2\/comments?post=548"}],"version-history":[{"count":4,"href":"https:\/\/tecnoserveis.cat\/ca\/wp-json\/wp\/v2\/pages\/548\/revisions"}],"predecessor-version":[{"id":698,"href":"https:\/\/tecnoserveis.cat\/ca\/wp-json\/wp\/v2\/pages\/548\/revisions\/698"}],"wp:attachment":[{"href":"https:\/\/tecnoserveis.cat\/ca\/wp-json\/wp\/v2\/media?parent=548"}],"curies":[{"name":"wp","href":"https:\/\/api.w.org\/{rel}","templated":true}]}}